{"id":13,"date":"2014-05-24T06:46:47","date_gmt":"2014-05-24T06:46:47","guid":{"rendered":"http:\/\/naschkatze.at\/?page_id=13"},"modified":"2026-04-01T09:55:38","modified_gmt":"2026-04-01T07:55:38","slug":"wiener-christkindlmarkt","status":"publish","type":"page","link":"http:\/\/www.naschkatze.at\/?page_id=13","title":{"rendered":"Wiener Christkindlmarkt"},"content":{"rendered":"<p>Unsere gr\u00f6\u00dfte Attraktion sind unsere j\u00e4hrlichen Christkindlmarkt-St\u00e4nde am <strong>Wiener Rathausplatz.<\/strong><\/p>\n<p>Wir hoffen auch im Jahr 2026 wieder auf einen Stand am Wiener Christkindlmarkt!<\/p>\n<p>&nbsp;<\/p>\n<p><a href=\"http:\/\/naschkatze.at\/wp-content\/uploads\/2014\/05\/IMG_0085.jpg\"><img loading=\"lazy\" decoding=\"async\" class=\"alignnone size-medium wp-image-609\" src=\"http:\/\/naschkatze.at\/wp-content\/uploads\/2014\/05\/IMG_0085-300x225.jpg\" alt=\"\" width=\"300\" height=\"225\" srcset=\"http:\/\/www.naschkatze.at\/wp-content\/uploads\/2014\/05\/IMG_0085-300x225.jpg 300w, http:\/\/www.naschkatze.at\/wp-content\/uploads\/2014\/05\/IMG_0085-768x576.jpg 768w, http:\/\/www.naschkatze.at\/wp-content\/uploads\/2014\/05\/IMG_0085-1024x768.jpg 1024w\" sizes=\"auto, (max-width: 300px) 100vw, 300px\" \/><\/a><\/p>\n<p><a href=\"http:\/\/naschkatze.at\/wp-content\/uploads\/2014\/05\/IMG_0073.jpg\"><img loading=\"lazy\" decoding=\"async\" class=\"alignnone wp-image-606 size-medium\" src=\"http:\/\/naschkatze.at\/wp-content\/uploads\/2014\/05\/IMG_0073-300x225.jpg\" width=\"300\" height=\"225\" srcset=\"http:\/\/www.naschkatze.at\/wp-content\/uploads\/2014\/05\/IMG_0073-300x225.jpg 300w, http:\/\/www.naschkatze.at\/wp-content\/uploads\/2014\/05\/IMG_0073-768x576.jpg 768w, http:\/\/www.naschkatze.at\/wp-content\/uploads\/2014\/05\/IMG_0073-1024x768.jpg 1024w\" sizes=\"auto, (max-width: 300px) 100vw, 300px\" \/><\/a><\/p>\n<p><a href=\"http:\/\/www.naschkatze.at\/wp-content\/uploads\/2026\/04\/IMG_1005.jpeg\"><img loading=\"lazy\" decoding=\"async\" class=\"alignnone size-medium wp-image-1679\" src=\"http:\/\/www.naschkatze.at\/wp-content\/uploads\/2026\/04\/IMG_1005-298x300.jpeg\" alt=\"\" width=\"298\" height=\"300\" srcset=\"http:\/\/www.naschkatze.at\/wp-content\/uploads\/2026\/04\/IMG_1005-298x300.jpeg 298w, http:\/\/www.naschkatze.at\/wp-content\/uploads\/2026\/04\/IMG_1005-1016x1024.jpeg 1016w, http:\/\/www.naschkatze.at\/wp-content\/uploads\/2026\/04\/IMG_1005-150x150.jpeg 150w, http:\/\/www.naschkatze.at\/wp-content\/uploads\/2026\/04\/IMG_1005-768x774.jpeg 768w, http:\/\/www.naschkatze.at\/wp-content\/uploads\/2026\/04\/IMG_1005.jpeg 1179w\" sizes=\"auto, (max-width: 298px) 100vw, 298px\" \/><\/a><\/p>\n","protected":false},"excerpt":{"rendered":"<p>Unsere gr\u00f6\u00dfte Attraktion sind unsere j\u00e4hrlichen Christkindlmarkt-St\u00e4nde am Wiener Rathausplatz. Wir hoffen auch im Jahr 2026 wieder auf einen Stand am Wiener Christkindlmarkt! &nbsp;<\/p>\n","protected":false},"author":1,"featured_media":0,"parent":11,"menu_order":0,"comment_status":"closed","ping_status":"closed","template":"","meta":{"footnotes":""},"class_list":["post-13","page","type-page","status-publish","hentry"],"_links":{"self":[{"href":"http:\/\/www.naschkatze.at\/index.php?rest_route=\/wp\/v2\/pages\/13","targetHints":{"allow":["GET"]}}],"collection":[{"href":"http:\/\/www.naschkatze.at\/index.php?rest_route=\/wp\/v2\/pages"}],"about":[{"href":"http:\/\/www.naschkatze.at\/index.php?rest_route=\/wp\/v2\/types\/page"}],"author":[{"embeddable":true,"href":"http:\/\/www.naschkatze.at\/index.php?rest_route=\/wp\/v2\/users\/1"}],"replies":[{"embeddable":true,"href":"http:\/\/www.naschkatze.at\/index.php?rest_route=%2Fwp%2Fv2%2Fcomments&post=13"}],"version-history":[{"count":11,"href":"http:\/\/www.naschkatze.at\/index.php?rest_route=\/wp\/v2\/pages\/13\/revisions"}],"predecessor-version":[{"id":1680,"href":"http:\/\/www.naschkatze.at\/index.php?rest_route=\/wp\/v2\/pages\/13\/revisions\/1680"}],"up":[{"embeddable":true,"href":"http:\/\/www.naschkatze.at\/index.php?rest_route=\/wp\/v2\/pages\/11"}],"wp:attachment":[{"href":"http:\/\/www.naschkatze.at\/index.php?rest_route=%2Fwp%2Fv2%2Fmedia&parent=13"}],"curies":[{"name":"wp","href":"https:\/\/api.w.org\/{rel}","templated":true}]}}