{"id":25,"date":"2014-05-24T06:48:38","date_gmt":"2014-05-24T06:48:38","guid":{"rendered":"http:\/\/naschkatze.at\/?page_id=25"},"modified":"2014-06-17T20:43:41","modified_gmt":"2014-06-17T18:43:41","slug":"chronik","status":"publish","type":"page","link":"http:\/\/www.naschkatze.at\/?page_id=25","title":{"rendered":"Chronik"},"content":{"rendered":"<p>Die <strong>Firma Mladenovic<\/strong> besteht bereits <strong>seit 1914<\/strong> und wurde urspr\u00fcnglich als Zuckerlgesch\u00e4ft in der Lienfeldergasse gegr\u00fcndet. In der zweiten Generation begann man die Jahrm\u00e4rkte in Wien und Nieder\u00f6sterreich mit selbstgemachten S\u00fc\u00dfigkeiten und Eis anzufahren.<\/p>\n<p><strong>Slawe Mladenovic <\/strong>baute den Betrieb aus, indem er die Produktpalette erweiterte und auf Volksfesten und diversen anderen Veranstaltungen die Produkte pr\u00e4sentierte.<\/p>\n<p><a href=\"http:\/\/naschkatze.at\/wp-content\/uploads\/2014\/06\/slawe.jpg\"><img loading=\"lazy\" decoding=\"async\" class=\"aligncenter size-full wp-image-156\" src=\"http:\/\/naschkatze.at\/wp-content\/uploads\/2014\/06\/slawe.jpg\" alt=\"slawe\" width=\"896\" height=\"584\" srcset=\"http:\/\/www.naschkatze.at\/wp-content\/uploads\/2014\/06\/slawe.jpg 896w, http:\/\/www.naschkatze.at\/wp-content\/uploads\/2014\/06\/slawe-300x195.jpg 300w\" sizes=\"auto, (max-width: 896px) 100vw, 896px\" \/><\/a><\/p>\n<p>2005 \u00fcbergab er den Betrieb und auch den Gro\u00dfhandel seiner Tocher Alexandra und ihrem Ehegatten Andreas Gschwandtner.<\/p>\n<p><a href=\"http:\/\/naschkatze.at\/wp-content\/uploads\/2014\/05\/Foto-6.jpg\"><img loading=\"lazy\" decoding=\"async\" class=\"aligncenter size-full wp-image-318\" src=\"http:\/\/naschkatze.at\/wp-content\/uploads\/2014\/05\/Foto-6.jpg\" alt=\"Foto 6\" width=\"900\" height=\"600\" srcset=\"http:\/\/www.naschkatze.at\/wp-content\/uploads\/2014\/05\/Foto-6.jpg 900w, http:\/\/www.naschkatze.at\/wp-content\/uploads\/2014\/05\/Foto-6-300x200.jpg 300w\" sizes=\"auto, (max-width: 900px) 100vw, 900px\" \/><\/a><\/p>\n<p>Seit 2014 wird unser Team durch Peter Gschwandtner verst\u00e4rkt<\/p>\n<p><a href=\"http:\/\/naschkatze.at\/wp-content\/uploads\/2014\/05\/Foto.jpg\"><img loading=\"lazy\" decoding=\"async\" class=\"aligncenter size-full wp-image-319\" src=\"http:\/\/naschkatze.at\/wp-content\/uploads\/2014\/05\/Foto.jpg\" alt=\"Foto\" width=\"975\" height=\"650\" srcset=\"http:\/\/www.naschkatze.at\/wp-content\/uploads\/2014\/05\/Foto.jpg 975w, http:\/\/www.naschkatze.at\/wp-content\/uploads\/2014\/05\/Foto-300x200.jpg 300w\" sizes=\"auto, (max-width: 975px) 100vw, 975px\" \/><\/a><\/p>\n","protected":false},"excerpt":{"rendered":"<p>Die Firma Mladenovic besteht bereits seit 1914 und wurde urspr\u00fcnglich als Zuckerlgesch\u00e4ft in der Lienfeldergasse gegr\u00fcndet. In der zweiten Generation begann man die Jahrm\u00e4rkte in Wien und Nieder\u00f6sterreich mit selbstgemachten S\u00fc\u00dfigkeiten und Eis anzufahren. Slawe Mladenovic baute den Betrieb aus, indem er die Produktpalette erweiterte und auf Volksfesten und diversen anderen Veranstaltungen die Produkte pr\u00e4sentierte. &hellip; <a href=\"http:\/\/www.naschkatze.at\/?page_id=25\" class=\"more-link\"><span class=\"screen-reader-text\">Chronik<\/span> weiterlesen <span class=\"meta-nav\">&rarr;<\/span><\/a><\/p>\n","protected":false},"author":1,"featured_media":0,"parent":23,"menu_order":0,"comment_status":"closed","ping_status":"closed","template":"","meta":{"footnotes":""},"class_list":["post-25","page","type-page","status-publish","hentry"],"_links":{"self":[{"href":"http:\/\/www.naschkatze.at\/index.php?rest_route=\/wp\/v2\/pages\/25","targetHints":{"allow":["GET"]}}],"collection":[{"href":"http:\/\/www.naschkatze.at\/index.php?rest_route=\/wp\/v2\/pages"}],"about":[{"href":"http:\/\/www.naschkatze.at\/index.php?rest_route=\/wp\/v2\/types\/page"}],"author":[{"embeddable":true,"href":"http:\/\/www.naschkatze.at\/index.php?rest_route=\/wp\/v2\/users\/1"}],"replies":[{"embeddable":true,"href":"http:\/\/www.naschkatze.at\/index.php?rest_route=%2Fwp%2Fv2%2Fcomments&post=25"}],"version-history":[{"count":9,"href":"http:\/\/www.naschkatze.at\/index.php?rest_route=\/wp\/v2\/pages\/25\/revisions"}],"predecessor-version":[{"id":320,"href":"http:\/\/www.naschkatze.at\/index.php?rest_route=\/wp\/v2\/pages\/25\/revisions\/320"}],"up":[{"embeddable":true,"href":"http:\/\/www.naschkatze.at\/index.php?rest_route=\/wp\/v2\/pages\/23"}],"wp:attachment":[{"href":"http:\/\/www.naschkatze.at\/index.php?rest_route=%2Fwp%2Fv2%2Fmedia&parent=25"}],"curies":[{"name":"wp","href":"https:\/\/api.w.org\/{rel}","templated":true}]}}