{"id":29,"date":"2014-05-24T06:49:24","date_gmt":"2014-05-24T06:49:24","guid":{"rendered":"http:\/\/naschkatze.at\/?page_id=29"},"modified":"2023-03-27T17:35:38","modified_gmt":"2023-03-27T15:35:38","slug":"ausstattung","status":"publish","type":"page","link":"http:\/\/www.naschkatze.at\/?page_id=29","title":{"rendered":"Ausstattung"},"content":{"rendered":"<table style=\"width: 596px; height: 1343px;\" border=\"1\" cellspacing=\"0\" cellpadding=\"0\">\n<tbody>\n<tr style=\"height: 248px;\">\n<td style=\"width: 284px; height: 248px;\" valign=\"top\" width=\"302\">\u00a0<a href=\"http:\/\/naschkatze.at\/wp-content\/uploads\/2014\/05\/IMG_3884.jpg\"><img loading=\"lazy\" decoding=\"async\" class=\"aligncenter wp-image-213 size-medium\" src=\"http:\/\/naschkatze.at\/wp-content\/uploads\/2014\/05\/IMG_3884-300x225.jpg\" alt=\"IMG_3884\" width=\"300\" height=\"225\" srcset=\"http:\/\/www.naschkatze.at\/wp-content\/uploads\/2014\/05\/IMG_3884-300x225.jpg 300w, http:\/\/www.naschkatze.at\/wp-content\/uploads\/2014\/05\/IMG_3884-1024x768.jpg 1024w\" sizes=\"auto, (max-width: 300px) 100vw, 300px\" \/><\/a><\/td>\n<td style=\"width: 312px; height: 248px;\" width=\"302\">Mercedes\u00a0Sprinter \u2013<br \/>\ninkl. K\u00fchlung<\/td>\n<\/tr>\n<tr style=\"height: 265px;\">\n<td style=\"width: 284px; height: 265px;\" valign=\"top\" width=\"302\">\u00a0<a href=\"http:\/\/naschkatze.at\/wp-content\/uploads\/2018\/09\/fullsizeoutput_35.jpeg\"><img loading=\"lazy\" decoding=\"async\" class=\"alignnone  wp-image-820\" src=\"http:\/\/naschkatze.at\/wp-content\/uploads\/2018\/09\/fullsizeoutput_35-300x225.jpeg\" alt=\"\" width=\"276\" height=\"207\" srcset=\"http:\/\/www.naschkatze.at\/wp-content\/uploads\/2018\/09\/fullsizeoutput_35-300x225.jpeg 300w, http:\/\/www.naschkatze.at\/wp-content\/uploads\/2018\/09\/fullsizeoutput_35-768x576.jpeg 768w, http:\/\/www.naschkatze.at\/wp-content\/uploads\/2018\/09\/fullsizeoutput_35.jpeg 960w\" sizes=\"auto, (max-width: 276px) 100vw, 276px\" \/><\/a><a href=\"http:\/\/naschkatze.at\/wp-content\/uploads\/2014\/05\/Sattelfahrzeug.jpg\"><img loading=\"lazy\" decoding=\"async\" class=\"aligncenter wp-image-321 \" src=\"http:\/\/www.naschkatze.at\/wp-content\/uploads\/2014\/05\/Sattelfahrzeug-1024x479.jpg\" alt=\"Sattelfahrzeug\" width=\"389\" height=\"182\" srcset=\"http:\/\/www.naschkatze.at\/wp-content\/uploads\/2014\/05\/Sattelfahrzeug-1024x479.jpg 1024w, http:\/\/www.naschkatze.at\/wp-content\/uploads\/2014\/05\/Sattelfahrzeug-300x140.jpg 300w\" sizes=\"auto, (max-width: 389px) 100vw, 389px\" \/><\/a><a style=\"font-family: inherit;\" href=\"http:\/\/naschkatze.at\/wp-content\/uploads\/2014\/05\/Sattelfahrzeug.jpg\"><img decoding=\"async\" src=\"http:\/\/www.naschkatze.at\/wp-content\/uploads\/2020\/03\/IMG_3341-1024x768.jpg\" alt=\"Dieses Bild hat ein leeres Alt-Attribut. Der Dateiname ist IMG_3341-1024x768.jpg\" \/><\/a><\/td>\n<td style=\"width: 312px; height: 265px;\" width=\"302\">Mercedes\u00a0Sprinter \u2013<br \/>\nSattelfahrzeug inkl. Sattelaufleger mit K\u00fchlhaus(L\u00e4nge: 11m und 12m)<\/td>\n<\/tr>\n<tr style=\"height: 444px;\">\n<td style=\"width: 284px; height: 444px;\" valign=\"top\" width=\"302\"><a href=\"http:\/\/naschkatze.at\/wp-content\/uploads\/2014\/06\/IMG_3943.jpg\"><img loading=\"lazy\" decoding=\"async\" class=\"alignnone size-medium wp-image-223\" src=\"http:\/\/naschkatze.at\/wp-content\/uploads\/2014\/06\/IMG_3943-300x225.jpg\" alt=\"\" width=\"300\" height=\"225\" srcset=\"http:\/\/www.naschkatze.at\/wp-content\/uploads\/2014\/06\/IMG_3943-300x225.jpg 300w, http:\/\/www.naschkatze.at\/wp-content\/uploads\/2014\/06\/IMG_3943-1024x768.jpg 1024w\" sizes=\"auto, (max-width: 300px) 100vw, 300px\" \/><\/a><a href=\"http:\/\/naschkatze.at\/wp-content\/uploads\/2018\/09\/IMG_0282.jpg\"><img loading=\"lazy\" decoding=\"async\" class=\"alignnone wp-image-818 size-medium\" src=\"http:\/\/naschkatze.at\/wp-content\/uploads\/2018\/09\/IMG_0282-300x225.jpg\" alt=\"\" width=\"300\" height=\"225\" srcset=\"http:\/\/www.naschkatze.at\/wp-content\/uploads\/2018\/09\/IMG_0282-300x225.jpg 300w, http:\/\/www.naschkatze.at\/wp-content\/uploads\/2018\/09\/IMG_0282-768x576.jpg 768w, http:\/\/www.naschkatze.at\/wp-content\/uploads\/2018\/09\/IMG_0282-1024x768.jpg 1024w\" sizes=\"auto, (max-width: 300px) 100vw, 300px\" \/><\/a><\/td>\n<td style=\"width: 312px; height: 444px;\" width=\"302\">Verkaufswagen (L\u00e4nge: 9m)<\/td>\n<\/tr>\n<tr style=\"height: 24px;\">\n<td style=\"width: 284px; height: 24px;\" valign=\"top\" width=\"302\"><\/td>\n<td style=\"width: 312px; height: 24px;\" width=\"302\"><\/td>\n<\/tr>\n<tr style=\"height: 24px;\">\n<td style=\"width: 284px; height: 24px;\" valign=\"top\" width=\"302\"><\/td>\n<td style=\"width: 312px; height: 24px;\" width=\"302\"><\/td>\n<\/tr>\n<tr style=\"height: 338px;\">\n<td style=\"width: 284px; height: 338px;\" valign=\"top\" width=\"302\"><\/td>\n<td style=\"width: 312px; height: 338px;\" width=\"302\"><\/td>\n<\/tr>\n<\/tbody>\n<\/table>\n","protected":false},"excerpt":{"rendered":"<p>\u00a0 Mercedes\u00a0Sprinter \u2013 inkl. K\u00fchlung \u00a0 Mercedes\u00a0Sprinter \u2013 Sattelfahrzeug inkl. Sattelaufleger mit K\u00fchlhaus(L\u00e4nge: 11m und 12m) Verkaufswagen (L\u00e4nge: 9m)<\/p>\n","protected":false},"author":1,"featured_media":0,"parent":23,"menu_order":0,"comment_status":"closed","ping_status":"closed","template":"","meta":{"footnotes":""},"class_list":["post-29","page","type-page","status-publish","hentry"],"_links":{"self":[{"href":"http:\/\/www.naschkatze.at\/index.php?rest_route=\/wp\/v2\/pages\/29","targetHints":{"allow":["GET"]}}],"collection":[{"href":"http:\/\/www.naschkatze.at\/index.php?rest_route=\/wp\/v2\/pages"}],"about":[{"href":"http:\/\/www.naschkatze.at\/index.php?rest_route=\/wp\/v2\/types\/page"}],"author":[{"embeddable":true,"href":"http:\/\/www.naschkatze.at\/index.php?rest_route=\/wp\/v2\/users\/1"}],"replies":[{"embeddable":true,"href":"http:\/\/www.naschkatze.at\/index.php?rest_route=%2Fwp%2Fv2%2Fcomments&post=29"}],"version-history":[{"count":32,"href":"http:\/\/www.naschkatze.at\/index.php?rest_route=\/wp\/v2\/pages\/29\/revisions"}],"predecessor-version":[{"id":1657,"href":"http:\/\/www.naschkatze.at\/index.php?rest_route=\/wp\/v2\/pages\/29\/revisions\/1657"}],"up":[{"embeddable":true,"href":"http:\/\/www.naschkatze.at\/index.php?rest_route=\/wp\/v2\/pages\/23"}],"wp:attachment":[{"href":"http:\/\/www.naschkatze.at\/index.php?rest_route=%2Fwp%2Fv2%2Fmedia&parent=29"}],"curies":[{"name":"wp","href":"https:\/\/api.w.org\/{rel}","templated":true}]}}