{"id":60,"date":"2014-05-24T07:36:38","date_gmt":"2014-05-24T07:36:38","guid":{"rendered":"http:\/\/naschkatze.at\/?page_id=60"},"modified":"2026-04-01T09:59:53","modified_gmt":"2026-04-01T07:59:53","slug":"produkte","status":"publish","type":"page","link":"http:\/\/www.naschkatze.at\/?page_id=60","title":{"rendered":"Produkte"},"content":{"rendered":"<p>Wir produzieren t\u00e4glich frisch eine Vielzahl von<br \/>\nLeckereien direkt im Haus! Unsere Produkte werden zu den verschiedensten Anl\u00e4ssen, wie <a title=\"Kirtage\" href=\"http:\/\/naschkatze.at\/?page_id=15\" target=\"_blank\" rel=\"noopener\">Kirtage<\/a>, <a title=\"Volksfeste\" href=\"http:\/\/naschkatze.at\/?page_id=17\" target=\"_blank\" rel=\"noopener\">Volksfeste<\/a>, Messen, Jahrm\u00e4rkte und anderer Freierlichkeiten angeboten.<\/p>\n<p>Unsere Besonderheit sind unsere j\u00e4hrlichen St\u00e4nde auf dem <a title=\"Wiener Christkindlmarkt\" href=\"http:\/\/naschkatze.at\/?page_id=13\" target=\"_blank\" rel=\"noopener\">Wiener Christkindlmarkt<\/a> am Wiener Rathausplatz.<\/p>\n<p>In unserer Produktliste finden Sie einige Artikel aus unserer umfangreichen Produktpalette!<br \/>\nBesondere Spezialit\u00e4ten sind unsere hausgemachten<br \/>\n<em><a title=\"Schaumrollen\" href=\"http:\/\/naschkatze.at\/wp-content\/uploads\/2014\/06\/naschkatze-063.jpg\" target=\"_blank\" rel=\"noopener\"><strong>Schaumbecher<\/strong><\/a>,<\/em> <em><strong><a href=\"http:\/\/naschkatze.at\/wp-content\/uploads\/2014\/06\/IMG_4069.jpg\" target=\"_blank\" rel=\"noopener\">Schaumrollen,<\/a> <a href=\"http:\/\/naschkatze.at\/wp-content\/uploads\/2014\/06\/IMG_3941.jpg\" target=\"_blank\" rel=\"noopener\">Schokofr\u00fcchte <\/a><\/strong><\/em>und<br \/>\nnat\u00fcrlich unseren selbst gemachten <a href=\"http:\/\/naschkatze.at\/wp-content\/uploads\/2014\/05\/IMG_3790.jpg\" target=\"_blank\" rel=\"noopener\"><em><strong>T\u00fcrkischer Honig<\/strong><\/em><\/a>.<br \/>\nWir haben garantiert f\u00fcr jede Naschkatze das<br \/>\npassende anzubieten!<br \/>\nF\u00fcr n\u00e4here Informationen oder Anfragen, nehmen Sie bitte direkt mit uns Kontakt auf!<\/p>\n<p>Nach R\u00fccksprache sind wir auch auf gr\u00f6\u00dferen Veranstaltungen mit unserem eigenen Personal auf <a title=\"Anfrage\" href=\"http:\/\/naschkatze.at\/?page_id=31\" target=\"_blank\" rel=\"noopener\">Anfrage<\/a> vertreten.<\/p>\n<p style=\"padding-left: 30px;\">\n","protected":false},"excerpt":{"rendered":"<p>Wir produzieren t\u00e4glich frisch eine Vielzahl von Leckereien direkt im Haus! Unsere Produkte werden zu den verschiedensten Anl\u00e4ssen, wie Kirtage, Volksfeste, Messen, Jahrm\u00e4rkte und anderer Freierlichkeiten angeboten. Unsere Besonderheit sind unsere j\u00e4hrlichen St\u00e4nde auf dem Wiener Christkindlmarkt am Wiener Rathausplatz. In unserer Produktliste finden Sie einige Artikel aus unserer umfangreichen Produktpalette! Besondere Spezialit\u00e4ten sind unsere &hellip; <a href=\"http:\/\/www.naschkatze.at\/?page_id=60\" class=\"more-link\"><span class=\"screen-reader-text\">Produkte<\/span> weiterlesen <span class=\"meta-nav\">&rarr;<\/span><\/a><\/p>\n","protected":false},"author":1,"featured_media":0,"parent":0,"menu_order":0,"comment_status":"closed","ping_status":"closed","template":"","meta":{"footnotes":""},"class_list":["post-60","page","type-page","status-publish","hentry"],"_links":{"self":[{"href":"http:\/\/www.naschkatze.at\/index.php?rest_route=\/wp\/v2\/pages\/60","targetHints":{"allow":["GET"]}}],"collection":[{"href":"http:\/\/www.naschkatze.at\/index.php?rest_route=\/wp\/v2\/pages"}],"about":[{"href":"http:\/\/www.naschkatze.at\/index.php?rest_route=\/wp\/v2\/types\/page"}],"author":[{"embeddable":true,"href":"http:\/\/www.naschkatze.at\/index.php?rest_route=\/wp\/v2\/users\/1"}],"replies":[{"embeddable":true,"href":"http:\/\/www.naschkatze.at\/index.php?rest_route=%2Fwp%2Fv2%2Fcomments&post=60"}],"version-history":[{"count":19,"href":"http:\/\/www.naschkatze.at\/index.php?rest_route=\/wp\/v2\/pages\/60\/revisions"}],"predecessor-version":[{"id":1683,"href":"http:\/\/www.naschkatze.at\/index.php?rest_route=\/wp\/v2\/pages\/60\/revisions\/1683"}],"wp:attachment":[{"href":"http:\/\/www.naschkatze.at\/index.php?rest_route=%2Fwp%2Fv2%2Fmedia&parent=60"}],"curies":[{"name":"wp","href":"https:\/\/api.w.org\/{rel}","templated":true}]}}