{"id":62,"date":"2014-05-24T07:36:55","date_gmt":"2014-05-24T07:36:55","guid":{"rendered":"http:\/\/naschkatze.at\/?page_id=62"},"modified":"2020-04-29T21:31:34","modified_gmt":"2020-04-29T19:31:34","slug":"produktliste","status":"publish","type":"page","link":"http:\/\/www.naschkatze.at\/?page_id=62","title":{"rendered":"Produktliste"},"content":{"rendered":"<p><strong>-T\u00fcrkischer Honig<\/strong><\/p>\n<p style=\"padding-left: 30px;\">-Original<br \/>\n-mit Erdn\u00fcssen<\/p>\n<p><a href=\"http:\/\/naschkatze.at\/wp-content\/uploads\/2014\/05\/IMG_3790.jpg\" target=\"_blank\" rel=\"noopener noreferrer\"><img loading=\"lazy\" decoding=\"async\" class=\"aligncenter wp-image-200 size-medium\" src=\"http:\/\/naschkatze.at\/wp-content\/uploads\/2014\/05\/IMG_3790-225x300.jpg\" alt=\"IMG_3790\" width=\"225\" height=\"300\" srcset=\"http:\/\/www.naschkatze.at\/wp-content\/uploads\/2014\/05\/IMG_3790-225x300.jpg 225w, http:\/\/www.naschkatze.at\/wp-content\/uploads\/2014\/05\/IMG_3790-768x1024.jpg 768w\" sizes=\"auto, (max-width: 225px) 100vw, 225px\" \/><\/a><\/p>\n<p><strong>&#8211; Arabischer Honig <\/strong><\/p>\n<p style=\"padding-left: 30px;\">-im Original<br \/>\n-auf der Tasse<a title=\"thumbsniper\" href=\"http:\/\/naschkatze.at\/wp-content\/uploads\/2014\/06\/naschkatze-049.jpg\" target=\"_blank\" rel=\"noopener noreferrer\"><img loading=\"lazy\" decoding=\"async\" class=\"aligncenter size-medium wp-image-151\" src=\"http:\/\/naschkatze.at\/wp-content\/uploads\/2014\/06\/naschkatze-049-300x225.jpg\" alt=\"naschkatze 049\" width=\"300\" height=\"225\" srcset=\"http:\/\/www.naschkatze.at\/wp-content\/uploads\/2014\/06\/naschkatze-049-300x225.jpg 300w, http:\/\/www.naschkatze.at\/wp-content\/uploads\/2014\/06\/naschkatze-049-1024x768.jpg 1024w\" sizes=\"auto, (max-width: 300px) 100vw, 300px\" \/><\/a><\/p>\n<p><strong>&#8211; Kokosbusserln<a href=\"http:\/\/naschkatze.at\/wp-content\/uploads\/2014\/05\/Foto-1.jpg\" target=\"_blank\" rel=\"noopener noreferrer\"><img loading=\"lazy\" decoding=\"async\" class=\"aligncenter wp-image-342 size-medium\" src=\"http:\/\/naschkatze.at\/wp-content\/uploads\/2014\/05\/Foto-1-225x300.jpg\" alt=\"Foto 1\" width=\"225\" height=\"300\" srcset=\"http:\/\/www.naschkatze.at\/wp-content\/uploads\/2014\/05\/Foto-1-225x300.jpg 225w, http:\/\/www.naschkatze.at\/wp-content\/uploads\/2014\/05\/Foto-1-768x1024.jpg 768w, http:\/\/www.naschkatze.at\/wp-content\/uploads\/2014\/05\/Foto-1.jpg 1536w\" sizes=\"auto, (max-width: 225px) 100vw, 225px\" \/><\/a><br \/>\n&#8211; Kokoskuppeln<a href=\"http:\/\/naschkatze.at\/wp-content\/uploads\/2014\/05\/Foto-5.jpg\" target=\"_blank\" rel=\"noopener noreferrer\"><img loading=\"lazy\" decoding=\"async\" class=\"aligncenter wp-image-346 size-medium\" src=\"http:\/\/naschkatze.at\/wp-content\/uploads\/2014\/05\/Foto-5-300x225.jpg\" alt=\"Foto 5\" width=\"300\" height=\"225\" srcset=\"http:\/\/www.naschkatze.at\/wp-content\/uploads\/2014\/05\/Foto-5-300x225.jpg 300w, http:\/\/www.naschkatze.at\/wp-content\/uploads\/2014\/05\/Foto-5-1024x768.jpg 1024w, http:\/\/www.naschkatze.at\/wp-content\/uploads\/2014\/05\/Foto-5.jpg 2048w\" sizes=\"auto, (max-width: 300px) 100vw, 300px\" \/><\/a><br \/>\n&#8211; Minikokoskuppeln<\/strong><strong><a href=\"http:\/\/naschkatze.at\/wp-content\/uploads\/2014\/05\/Foto-4.jpg\" target=\"_blank\" rel=\"noopener noreferrer\"><img loading=\"lazy\" decoding=\"async\" class=\"aligncenter wp-image-345 size-medium\" src=\"http:\/\/naschkatze.at\/wp-content\/uploads\/2014\/05\/Foto-4-300x225.jpg\" alt=\"Foto 4\" width=\"300\" height=\"225\" srcset=\"http:\/\/www.naschkatze.at\/wp-content\/uploads\/2014\/05\/Foto-4-300x225.jpg 300w, http:\/\/www.naschkatze.at\/wp-content\/uploads\/2014\/05\/Foto-4-1024x768.jpg 1024w, http:\/\/www.naschkatze.at\/wp-content\/uploads\/2014\/05\/Foto-4.jpg 2048w\" sizes=\"auto, (max-width: 300px) 100vw, 300px\" \/><\/a><br \/>\n&#8211; Kokosstangerl<a href=\"http:\/\/naschkatze.at\/wp-content\/uploads\/2014\/06\/IMG_4086.jpg\" target=\"_blank\" rel=\"noopener noreferrer\"><img loading=\"lazy\" decoding=\"async\" class=\"aligncenter size-medium wp-image-174\" src=\"http:\/\/naschkatze.at\/wp-content\/uploads\/2014\/06\/IMG_4086-300x300.jpg\" alt=\"IMG_4086\" width=\"300\" height=\"300\" srcset=\"http:\/\/www.naschkatze.at\/wp-content\/uploads\/2014\/06\/IMG_4086-300x300.jpg 300w, http:\/\/www.naschkatze.at\/wp-content\/uploads\/2014\/06\/IMG_4086-150x150.jpg 150w, http:\/\/www.naschkatze.at\/wp-content\/uploads\/2014\/06\/IMG_4086-1024x1024.jpg 1024w\" sizes=\"auto, (max-width: 300px) 100vw, 300px\" \/><\/a><br \/>\n&#8211; Kokoswurst<a href=\"http:\/\/naschkatze.at\/wp-content\/uploads\/2014\/05\/Foto-3.jpg\" target=\"_blank\" rel=\"noopener noreferrer\"><img loading=\"lazy\" decoding=\"async\" class=\"aligncenter wp-image-344 size-medium\" src=\"http:\/\/naschkatze.at\/wp-content\/uploads\/2014\/05\/Foto-3-168x300.jpg\" alt=\"Foto 3\" width=\"168\" height=\"300\" srcset=\"http:\/\/www.naschkatze.at\/wp-content\/uploads\/2014\/05\/Foto-3-168x300.jpg 168w, http:\/\/www.naschkatze.at\/wp-content\/uploads\/2014\/05\/Foto-3-576x1024.jpg 576w, http:\/\/www.naschkatze.at\/wp-content\/uploads\/2014\/05\/Foto-3.jpg 720w\" sizes=\"auto, (max-width: 168px) 100vw, 168px\" \/><\/a><\/strong><\/p>\n<p><strong>&#8211; Schaumrollen<\/strong><\/p>\n<p style=\"padding-left: 30px;\">-getunkt<br \/>\n-mit Staubzucker<br \/>\n-Riesenschaumrollen<br \/>\n-Schaumrollen auf der Tasse<a href=\"http:\/\/naschkatze.at\/wp-content\/uploads\/2014\/06\/IMG_3762.jpg\" target=\"_blank\" rel=\"noopener noreferrer\"><img loading=\"lazy\" decoding=\"async\" class=\"aligncenter size-medium wp-image-155\" src=\"http:\/\/naschkatze.at\/wp-content\/uploads\/2014\/06\/IMG_3762-300x225.jpg\" alt=\"IMG_3762\" width=\"300\" height=\"225\" srcset=\"http:\/\/www.naschkatze.at\/wp-content\/uploads\/2014\/06\/IMG_3762-300x225.jpg 300w, http:\/\/www.naschkatze.at\/wp-content\/uploads\/2014\/06\/IMG_3762-1024x768.jpg 1024w\" sizes=\"auto, (max-width: 300px) 100vw, 300px\" \/><\/a><\/p>\n<p><strong>&#8211; Schaumbecher<\/strong><\/p>\n<p style=\"padding-left: 30px;\">-mit Schokolade<br \/>\n-mit Kokosstreussel<a href=\"http:\/\/naschkatze.at\/wp-content\/uploads\/2014\/06\/IMG_3755.jpg\" target=\"_blank\" rel=\"noopener noreferrer\"><img loading=\"lazy\" decoding=\"async\" class=\"aligncenter size-medium wp-image-154\" src=\"http:\/\/naschkatze.at\/wp-content\/uploads\/2014\/06\/IMG_3755-300x225.jpg\" alt=\"IMG_3755\" width=\"300\" height=\"225\" srcset=\"http:\/\/www.naschkatze.at\/wp-content\/uploads\/2014\/06\/IMG_3755-300x225.jpg 300w, http:\/\/www.naschkatze.at\/wp-content\/uploads\/2014\/06\/IMG_3755-1024x768.jpg 1024w\" sizes=\"auto, (max-width: 300px) 100vw, 300px\" \/><\/a><\/p>\n<p><strong>&#8211; Schokofr\u00fcchte<\/strong><\/p>\n<p style=\"padding-left: 30px;\">-Erdbeeren<\/p>\n<p style=\"padding-left: 30px;\">-Bananen<br \/>\n-Trauben<br \/>\n-\u00c4pfel<br \/>\n-Marzipan<br \/>\n-Maroni<a href=\"http:\/\/naschkatze.at\/wp-content\/uploads\/2014\/06\/IMG_4078.jpg\" target=\"_blank\" rel=\"noopener noreferrer\"><img loading=\"lazy\" decoding=\"async\" class=\"aligncenter size-medium wp-image-173\" src=\"http:\/\/naschkatze.at\/wp-content\/uploads\/2014\/06\/IMG_4078-300x225.jpg\" alt=\"IMG_4078\" width=\"300\" height=\"225\" srcset=\"http:\/\/www.naschkatze.at\/wp-content\/uploads\/2014\/06\/IMG_4078-300x225.jpg 300w, http:\/\/www.naschkatze.at\/wp-content\/uploads\/2014\/06\/IMG_4078-1024x768.jpg 1024w\" sizes=\"auto, (max-width: 300px) 100vw, 300px\" \/><\/a><\/p>\n<p><strong>&#8211; gebrannte Mandeln<a href=\"http:\/\/naschkatze.at\/wp-content\/uploads\/2014\/09\/Mandeln.jpg\" target=\"_blank\" rel=\"noopener noreferrer\"><img loading=\"lazy\" decoding=\"async\" class=\"aligncenter size-medium wp-image-372\" src=\"http:\/\/naschkatze.at\/wp-content\/uploads\/2014\/09\/Mandeln-300x201.jpg\" alt=\"Mandeln\" width=\"300\" height=\"201\" srcset=\"http:\/\/www.naschkatze.at\/wp-content\/uploads\/2014\/09\/Mandeln-300x201.jpg 300w, http:\/\/www.naschkatze.at\/wp-content\/uploads\/2014\/09\/Mandeln.jpg 1000w\" sizes=\"auto, (max-width: 300px) 100vw, 300px\" \/><\/a><br \/>\n&#8211; gebrannte Erdn\u00fcsse <\/strong><strong><a href=\"http:\/\/naschkatze.at\/wp-content\/uploads\/2014\/09\/Erdn\u00fcsse.jpg\"><img loading=\"lazy\" decoding=\"async\" class=\"aligncenter size-medium wp-image-371\" src=\"http:\/\/naschkatze.at\/wp-content\/uploads\/2014\/09\/Erdn\u00fcsse-300x199.jpg\" alt=\"Erdn\u00fcsse\" width=\"300\" height=\"199\" srcset=\"http:\/\/www.naschkatze.at\/wp-content\/uploads\/2014\/09\/Erdn\u00fcsse-300x199.jpg 300w, http:\/\/www.naschkatze.at\/wp-content\/uploads\/2014\/09\/Erdn\u00fcsse.jpg 500w\" sizes=\"auto, (max-width: 300px) 100vw, 300px\" \/>&#8211;<\/a>Zuckerstangen\u00a0<\/strong><\/p>\n<p style=\"padding-left: 30px;\">-klein<br \/>\n-gro\u00df<a href=\"http:\/\/naschkatze.at\/wp-content\/uploads\/2014\/09\/Zuckerstangen.jpg\" target=\"_blank\" rel=\"noopener noreferrer\"><img loading=\"lazy\" decoding=\"async\" class=\"aligncenter size-medium wp-image-373\" src=\"http:\/\/naschkatze.at\/wp-content\/uploads\/2014\/09\/Zuckerstangen-225x300.jpg\" alt=\"Zuckerstangen\" width=\"225\" height=\"300\" srcset=\"http:\/\/www.naschkatze.at\/wp-content\/uploads\/2014\/09\/Zuckerstangen-225x300.jpg 225w, http:\/\/www.naschkatze.at\/wp-content\/uploads\/2014\/09\/Zuckerstangen-768x1024.jpg 768w, http:\/\/www.naschkatze.at\/wp-content\/uploads\/2014\/09\/Zuckerstangen.jpg 1536w\" sizes=\"auto, (max-width: 225px) 100vw, 225px\" \/><\/a><\/p>\n<p><strong>&#8211; kandierte Zucker\u00e4pfel<\/strong><\/p>\n<p><a href=\"http:\/\/naschkatze.at\/wp-content\/uploads\/2014\/08\/Zucker\u00e4pfel.jpg\" target=\"_blank\" rel=\"noopener noreferrer\"><img loading=\"lazy\" decoding=\"async\" class=\"aligncenter size-medium wp-image-357\" src=\"http:\/\/naschkatze.at\/wp-content\/uploads\/2014\/08\/Zucker\u00e4pfel-225x300.jpg\" alt=\"Zucker\u00e4pfel\" width=\"225\" height=\"300\" \/><\/a><\/p>\n<p><strong>&#8211; Lebkuchenherzen<a href=\"http:\/\/naschkatze.at\/wp-content\/uploads\/2014\/06\/naschkatze-074.jpg\" target=\"_blank\" rel=\"noopener noreferrer\"><img loading=\"lazy\" decoding=\"async\" class=\"aligncenter size-medium wp-image-149\" src=\"http:\/\/naschkatze.at\/wp-content\/uploads\/2014\/06\/naschkatze-074-225x300.jpg\" alt=\"naschkatze 074\" width=\"225\" height=\"300\" srcset=\"http:\/\/www.naschkatze.at\/wp-content\/uploads\/2014\/06\/naschkatze-074-225x300.jpg 225w, http:\/\/www.naschkatze.at\/wp-content\/uploads\/2014\/06\/naschkatze-074-768x1024.jpg 768w, http:\/\/www.naschkatze.at\/wp-content\/uploads\/2014\/06\/naschkatze-074.jpg 1944w\" sizes=\"auto, (max-width: 225px) 100vw, 225px\" \/><\/a><\/strong><\/p>\n<p><strong>-Honiglebkuchen<a href=\"http:\/\/naschkatze.at\/wp-content\/uploads\/2014\/05\/IMG_4099.jpg\" target=\"_blank\" rel=\"noopener noreferrer\"><img loading=\"lazy\" decoding=\"async\" class=\"aligncenter size-medium wp-image-198\" src=\"http:\/\/naschkatze.at\/wp-content\/uploads\/2014\/05\/IMG_4099-300x225.jpg\" alt=\"IMG_4099\" width=\"300\" height=\"225\" srcset=\"http:\/\/www.naschkatze.at\/wp-content\/uploads\/2014\/05\/IMG_4099-300x225.jpg 300w, http:\/\/www.naschkatze.at\/wp-content\/uploads\/2014\/05\/IMG_4099-1024x768.jpg 1024w\" sizes=\"auto, (max-width: 300px) 100vw, 300px\" \/><\/a><\/strong><br \/>\n<strong>&#8211; Zuckerwatte<a href=\"http:\/\/naschkatze.at\/wp-content\/uploads\/2014\/06\/IMG_4143.jpg\" target=\"_blank\" rel=\"noopener noreferrer\"><img loading=\"lazy\" decoding=\"async\" class=\"aligncenter size-medium wp-image-153\" src=\"http:\/\/naschkatze.at\/wp-content\/uploads\/2014\/06\/IMG_4143-300x225.jpg\" alt=\"IMG_4143\" width=\"300\" height=\"225\" srcset=\"http:\/\/www.naschkatze.at\/wp-content\/uploads\/2014\/06\/IMG_4143-300x225.jpg 300w, http:\/\/www.naschkatze.at\/wp-content\/uploads\/2014\/06\/IMG_4143-1024x768.jpg 1024w\" sizes=\"auto, (max-width: 300px) 100vw, 300px\" \/><\/a><\/strong><\/p>\n<p><strong>\u00a0<\/strong><\/p>\n","protected":false},"excerpt":{"rendered":"<p>-T\u00fcrkischer Honig -Original -mit Erdn\u00fcssen &#8211; Arabischer Honig -im Original -auf der Tasse &#8211; Kokosbusserln &#8211; Kokoskuppeln &#8211; Minikokoskuppeln &#8211; Kokosstangerl &#8211; Kokoswurst &#8211; Schaumrollen -getunkt -mit Staubzucker -Riesenschaumrollen -Schaumrollen auf der Tasse &#8211; Schaumbecher -mit Schokolade -mit Kokosstreussel &#8211; Schokofr\u00fcchte -Erdbeeren -Bananen -Trauben -\u00c4pfel -Marzipan -Maroni &#8211; gebrannte Mandeln &#8211; gebrannte Erdn\u00fcsse &#8211;Zuckerstangen\u00a0 -klein &hellip; <a href=\"http:\/\/www.naschkatze.at\/?page_id=62\" class=\"more-link\"><span class=\"screen-reader-text\">Produktliste<\/span> weiterlesen <span class=\"meta-nav\">&rarr;<\/span><\/a><\/p>\n","protected":false},"author":1,"featured_media":0,"parent":60,"menu_order":0,"comment_status":"closed","ping_status":"closed","template":"","meta":{"footnotes":""},"class_list":["post-62","page","type-page","status-publish","hentry"],"_links":{"self":[{"href":"http:\/\/www.naschkatze.at\/index.php?rest_route=\/wp\/v2\/pages\/62","targetHints":{"allow":["GET"]}}],"collection":[{"href":"http:\/\/www.naschkatze.at\/index.php?rest_route=\/wp\/v2\/pages"}],"about":[{"href":"http:\/\/www.naschkatze.at\/index.php?rest_route=\/wp\/v2\/types\/page"}],"author":[{"embeddable":true,"href":"http:\/\/www.naschkatze.at\/index.php?rest_route=\/wp\/v2\/users\/1"}],"replies":[{"embeddable":true,"href":"http:\/\/www.naschkatze.at\/index.php?rest_route=%2Fwp%2Fv2%2Fcomments&post=62"}],"version-history":[{"count":27,"href":"http:\/\/www.naschkatze.at\/index.php?rest_route=\/wp\/v2\/pages\/62\/revisions"}],"predecessor-version":[{"id":1197,"href":"http:\/\/www.naschkatze.at\/index.php?rest_route=\/wp\/v2\/pages\/62\/revisions\/1197"}],"up":[{"embeddable":true,"href":"http:\/\/www.naschkatze.at\/index.php?rest_route=\/wp\/v2\/pages\/60"}],"wp:attachment":[{"href":"http:\/\/www.naschkatze.at\/index.php?rest_route=%2Fwp%2Fv2%2Fmedia&parent=62"}],"curies":[{"name":"wp","href":"https:\/\/api.w.org\/{rel}","templated":true}]}}